{"id":1524,"date":"2023-07-25T11:56:18","date_gmt":"2023-07-25T09:56:18","guid":{"rendered":"https:\/\/carnet-critique.com\/?page_id=1524"},"modified":"2023-07-27T09:29:18","modified_gmt":"2023-07-27T07:29:18","slug":"normes-de-mise-en-page","status":"publish","type":"page","link":"https:\/\/carnet-critique.com\/index.php\/normes-de-mise-en-page\/","title":{"rendered":""},"content":{"rendered":"<p style=\"text-align: justify;\"><span style=\"font-family: Book Antiqua, Palatino;\">Afin de faciliter le processus de mise en page, nous vous prions de bien vouloir respecter scrupuleusement les normes suivantes :<\/span><\/p>\n<p style=\"text-align: justify;\"><span style=\"font-family: Book Antiqua, Palatino;\"><strong>Longueur de l&rsquo;article<\/strong> : Ne pas d\u00e9passer une vingtaine de pages.<\/span><\/p>\n<p style=\"text-align: justify;\"><span style=\"font-family: Book Antiqua, Palatino;\">Les articles pourront \u00eatre r\u00e9dig\u00e9s en <span style=\"text-decoration: underline;\">fran\u00e7ais, anglais, italien ou allemand<\/span>.<\/span><\/p>\n<p style=\"text-align: justify;\"><span style=\"font-family: Book Antiqua, Palatino;\"><strong>Mise en forme du document<\/strong> :<\/span><\/p>\n<p style=\"text-align: justify;\"><span style=\"font-family: Book Antiqua, Palatino;\">Interligne : simple<\/span><br \/>\n<span style=\"font-family: Book Antiqua, Palatino;\">Marges : 2,5<\/span><br \/>\n<span style=\"font-family: Book Antiqua, Palatino;\">Tabulations de d\u00e9but de paragraphe : aucune<\/span><\/p>\n<p style=\"text-align: justify;\"><span style=\"font-family: Book Antiqua, Palatino;\"><strong>Corps du texte<\/strong> :<\/span><\/p>\n<p style=\"text-align: justify;\"><span style=\"font-family: Book Antiqua, Palatino;\">Police : Times New Roman, taille 12<\/span><\/p>\n<p style=\"text-align: justify;\"><span style=\"font-family: Book Antiqua, Palatino;\"><strong>Notes de bas de page<\/strong> : Si vous incluez des notes de bas de page, assurez-vous qu&rsquo;elles soient clairement marqu\u00e9es dans le texte et num\u00e9rot\u00e9es cons\u00e9cutivement.<\/span><\/p>\n<p style=\"text-align: justify;\"><span style=\"font-family: Book Antiqua, Palatino;\">Police : Times New Roman 10<\/span><\/p>\n<p style=\"text-align: justify;\"><span style=\"font-family: Book Antiqua, Palatino;\"><strong>Titres et sous-titres dans le corps du texte<\/strong> :<\/span><\/p>\n<p style=\"text-align: justify;\"><span style=\"font-family: Book Antiqua, Palatino;\">Titre\u00a0 : Times New Roman, taille 12, gras.<\/span><br \/>\n<span style=\"font-family: Book Antiqua, Palatino;\">Sous-titres : Times New Roman 11, italique.<\/span><\/p>\n<p style=\"text-align: justify;\"><span style=\"font-family: Book Antiqua, Palatino;\"><strong>Format de fichier<\/strong> : Assurez-vous que votre document soit bien enregistr\u00e9 dans l&rsquo;un de ces formats.<\/span><\/p>\n<ul style=\"list-style-type: square;\">\n<li style=\"text-align: justify;\"><span style=\"font-family: Book Antiqua, Palatino;\">Doc ou .docx (Microsoft Word)<\/span><\/li>\n<li style=\"text-align: justify;\"><span style=\"font-family: Book Antiqua, Palatino;\">PDF (Portable Document Format)<\/span><\/li>\n<\/ul>\n<p style=\"text-align: justify;\"><span style=\"font-family: Book Antiqua, Palatino;\"><strong>Veillez \u00e0 ne pas oublier les \u00e9l\u00e9ments suivants<\/strong> :<\/span><\/p>\n<ul style=\"list-style-type: square;\">\n<li style=\"text-align: justify;\"><span style=\"font-family: Book Antiqua, Palatino;\">Fournir un r\u00e9sum\u00e9 de l&rsquo;article d&rsquo;environ 10 lignes.<br \/>\n<\/span><\/li>\n<li style=\"text-align: justify;\"><span style=\"font-family: Book Antiqua, Palatino;\">Inclure les mots-cl\u00e9s de l&rsquo;article.<\/span><\/li>\n<\/ul>\n<p style=\"text-align: justify;\"><span style=\"font-size: 14pt; color: #000000;\"><span style=\"font-family: justus;\">Bonne r\u00e9daction !<\/span><\/span><\/p>\n","protected":false},"excerpt":{"rendered":"<p>Afin de faciliter le processus de mise en page, nous vous prions de bien vouloir respecter scrupuleusement les [&hellip;]<\/p>\n","protected":false},"author":1,"featured_media":0,"parent":0,"menu_order":0,"comment_status":"closed","ping_status":"closed","template":"","meta":{"content-type":"","om_disable_all_campaigns":false,"footnotes":""},"class_list":["post-1524","page","type-page","status-publish","hentry"],"jetpack_sharing_enabled":true,"_links":{"self":[{"href":"https:\/\/carnet-critique.com\/index.php\/wp-json\/wp\/v2\/pages\/1524","targetHints":{"allow":["GET"]}}],"collection":[{"href":"https:\/\/carnet-critique.com\/index.php\/wp-json\/wp\/v2\/pages"}],"about":[{"href":"https:\/\/carnet-critique.com\/index.php\/wp-json\/wp\/v2\/types\/page"}],"author":[{"embeddable":true,"href":"https:\/\/carnet-critique.com\/index.php\/wp-json\/wp\/v2\/users\/1"}],"replies":[{"embeddable":true,"href":"https:\/\/carnet-critique.com\/index.php\/wp-json\/wp\/v2\/comments?post=1524"}],"version-history":[{"count":10,"href":"https:\/\/carnet-critique.com\/index.php\/wp-json\/wp\/v2\/pages\/1524\/revisions"}],"predecessor-version":[{"id":1543,"href":"https:\/\/carnet-critique.com\/index.php\/wp-json\/wp\/v2\/pages\/1524\/revisions\/1543"}],"wp:attachment":[{"href":"https:\/\/carnet-critique.com\/index.php\/wp-json\/wp\/v2\/media?parent=1524"}],"curies":[{"name":"wp","href":"https:\/\/api.w.org\/{rel}","templated":true}]}}