{"id":1051,"date":"2022-12-29T04:59:52","date_gmt":"2022-12-29T03:59:52","guid":{"rendered":"https:\/\/carnet-critique.com\/?page_id=1051"},"modified":"2023-12-05T17:30:03","modified_gmt":"2023-12-05T16:30:03","slug":"1051-2","status":"publish","type":"page","link":"https:\/\/carnet-critique.com\/index.php\/1051-2\/","title":{"rendered":""},"content":{"rendered":"\n<figure class=\"wp-block-image size-large\"><img loading=\"lazy\" decoding=\"async\" width=\"724\" height=\"1024\" src=\"http:\/\/carnet-critique.com\/wp-content\/uploads\/2023\/07\/White-and-Black-Professional-Magazine-Cover-724x1024.png\" alt=\"\" class=\"wp-image-1362\" srcset=\"https:\/\/carnet-critique.com\/wp-content\/uploads\/2023\/07\/White-and-Black-Professional-Magazine-Cover-724x1024.png 724w, https:\/\/carnet-critique.com\/wp-content\/uploads\/2023\/07\/White-and-Black-Professional-Magazine-Cover-212x300.png 212w, https:\/\/carnet-critique.com\/wp-content\/uploads\/2023\/07\/White-and-Black-Professional-Magazine-Cover-768x1086.png 768w, https:\/\/carnet-critique.com\/wp-content\/uploads\/2023\/07\/White-and-Black-Professional-Magazine-Cover-1086x1536.png 1086w, https:\/\/carnet-critique.com\/wp-content\/uploads\/2023\/07\/White-and-Black-Professional-Magazine-Cover-450x636.png 450w, https:\/\/carnet-critique.com\/wp-content\/uploads\/2023\/07\/White-and-Black-Professional-Magazine-Cover-1024x1448.png 1024w, https:\/\/carnet-critique.com\/wp-content\/uploads\/2023\/07\/White-and-Black-Professional-Magazine-Cover-424x600.png 424w, https:\/\/carnet-critique.com\/wp-content\/uploads\/2023\/07\/White-and-Black-Professional-Magazine-Cover.png 1414w\" sizes=\"auto, (max-width: 724px) 100vw, 724px\" \/><\/figure>\n\n\n\n<div class=\"wp-block-group\"><div class=\"wp-block-group__inner-container is-layout-constrained wp-block-group-is-layout-constrained\">\n<p><strong><span style=\"font-family: Times New Roman, Times; font-size: 14pt; color: #000000;\"> <a style=\"color: #000000;\" href=\"https:\/\/carnet-critique.com\/index.php\/category\/non-classe\/stacy-jarvis\/\" rel=\"category tag\">Stacy Jarvis<\/a> <\/span><\/strong>: <span style=\"font-family: Book Antiqua, Palatino; font-size: 12pt;\">THE CONCEPT OF DEATH IN TCHAIKOVSKY\u2019S OPERA MAZEPPA : A semiotic analysis.<\/span><\/p>\n<p><span style=\"font-family: Times New Roman, Times; font-size: 14pt;\"><span style=\"color: #000000;\"> <strong><a style=\"color: #000000;\" href=\"https:\/\/carnet-critique.com\/index.php\/category\/lorelei-dupe\/\" rel=\"category tag\">Lorele\u00ef Dup\u00e9<\/a> <\/strong><\/span>:<\/span> <span style=\"font-size: 12pt; font-family: Book Antiqua, Palatino;\">LES PERSONNAGES DE MORT.E.S DANS LE TH\u00c9\u00c2TRE DE PATRICK KERMANN.<\/span><\/p>\n<p><span style=\"font-family: Times New Roman, Times; font-size: 14pt; color: #000000;\"> <strong><a style=\"color: #000000;\" href=\"https:\/\/carnet-critique.com\/index.php\/category\/axel-richard-eba\/\" rel=\"category tag\">Axel Richard EBA<\/a><\/strong><\/span> : <span style=\"font-size: 12pt; font-family: Book Antiqua, Palatino; color: #000000;\">LA MORT DANS LES NOUVELLES ORIENTALES DE MARGUERITE YOURCENAR.<\/span><\/p>\n\n\n\n<p><span style=\"font-size: 14pt; font-family: Times New Roman, Times; color: #000000;\"> <strong><a style=\"color: #000000;\" href=\"https:\/\/carnet-critique.com\/index.php\/category\/isabela-gusmao-duarte\/\" rel=\"category tag\">Isabela Gusm\u00e3o Duarte<\/a><\/strong><\/span> <span style=\"font-size: 12pt; font-family: Book Antiqua, Palatino; color: #000000;\"><a style=\"color: #000000;\" href=\"https:\/\/carnet-critique.com\/index.php\/2023\/07\/11\/representations-de-la-mort-dans-les-sursitaires-delias-canetti\/\">: REPRESENTATIONS DE LA MORT DANS <em>LES SURSITAIRES<\/em> D\u2019ELIAS CANETTI : Conna\u00eetre son \u00ab instant fatal \u00bb : source d\u2019apaisement ou d\u2019angoisse ?<\/a><\/span><\/p>\n\n\n\n<p style=\"text-align: justify;\"><span style=\"font-size: 14pt;\"><span style=\"font-family: Times New Roman, Times; color: #000000;\"><strong><a style=\"color: #000000;\" href=\"https:\/\/carnet-critique.com\/index.php\/category\/claire-sourp\/\" rel=\"category tag\">Claire Sourp <\/a><\/strong><\/span>: <span style=\"font-family: Book Antiqua, Palatino; font-size: 12pt;\">REPRES\u00c9NTATIONS DE LA MORT : Images d\u2019une vie nouvelle dans <em>Avril rouge<\/em> de Santiago Roncagliolo.<\/span><\/span><\/p>\n<p style=\"text-align: justify;\"><span style=\"font-family: Times New Roman, Times; color: #000000; font-size: 14pt;\"><strong><a style=\"color: #000000;\" href=\"https:\/\/carnet-critique.com\/index.php\/category\/benjamin-flores\/\" rel=\"category tag\">Benjamin Flores<\/a> <\/strong><\/span>: <span style=\"font-size: 12pt; font-family: Book Antiqua, Palatino;\">L\u2019INFILM\u00c9 DE LA MORT DANS LES S\u00c9RIES T\u00c9L\u00c9VIS\u00c9ES.<\/span><\/p>\n<p style=\"text-align: justify;\"><span style=\"font-family: Times New Roman, Times; color: #000000; font-size: 14pt;\"><strong><a style=\"color: #000000;\" href=\"https:\/\/carnet-critique.com\/index.php\/category\/sara-shirvan\/\" rel=\"category tag\">Sara Shirvan<\/a><\/strong><\/span> : <span style=\"font-family: Book Antiqua, Palatino; font-size: 12pt;\">REPR\u00c9SENTATION PATHOLOGIQUE D\u2019UNE MORT PROGRESSIVE : La trilogie du sida d\u2019Herv\u00e9 Guibert.<\/span><\/p>\n<p style=\"text-align: justify;\"><span style=\"font-family: Book Antiqua, Palatino; color: #000000; font-size: 12pt;\"><a style=\"color: #000000;\" href=\"https:\/\/carnet-critique.com\/index.php\/2023\/07\/11\/la-mort-du-heros-dans-les-societes-initiatiques-le-cas-de-consuelo-george-sand\/\"><span style=\"font-size: 14pt;\"><strong><span style=\"font-family: Times New Roman, Times;\">Besma Nacer<\/span> <\/strong><\/span>: LA MORT DU H\u00c9ROS DANS LES SOCI\u00c9T\u00c9S INITIATIQUES : Le cas de <em>Consuelo<\/em> (George Sand).<\/a><\/span><\/p>\n<p style=\"text-align: justify;\"><span style=\"font-family: Times New Roman, Times; color: #000000; font-size: 14pt;\"> <strong><a style=\"color: #000000;\" href=\"https:\/\/carnet-critique.com\/index.php\/category\/maria-elisa-perez-pagan\/\" rel=\"category tag\">Maria Elisa Perez Pagan<\/a><\/strong> <\/span>: <span style=\"font-family: Book Antiqua, Palatino; font-size: 12pt;\">LA TENTATIVE DE SUICIDE DE BOUVARD ET P\u00c9CUCHET : Entre le comique et le s\u00e9rieux.<\/span><\/p>\n<p style=\"text-align: justify;\"><span style=\"font-family: Times New Roman, Times; color: #000000; font-size: 14pt;\"> <strong><a style=\"color: #000000;\" href=\"https:\/\/carnet-critique.com\/index.php\/category\/mohamed-naouar\/\" rel=\"category tag\">Mohamed Naouar<\/a> <\/strong><\/span>: <span style=\"font-family: Book Antiqua, Palatino; font-size: 12pt;\">L\u2019\u00c9CRITURE DE LA SURVIVANCE CHEZ HERV\u00c9 GUIBERT.<\/span><\/p>\n<p style=\"text-align: justify;\"><span style=\"font-family: Times New Roman, Times; color: #000000; font-size: 14pt;\"> <strong><a style=\"color: #000000;\" href=\"https:\/\/carnet-critique.com\/index.php\/category\/marine-deregnoncourt\/\" rel=\"category tag\">Marine Deregnoncourt<\/a><\/strong><\/span> : <span style=\"font-family: Book Antiqua, Palatino; font-size: 12pt;\">LE \u00ab CANTIQUE DE MESA \u00bb DANS <em>PARTAGE DE MIDI<\/em> DE PAUL CLAUDEL : Le cas probl\u00e9matique du corps de Mesa mourant.<\/span><\/p>\n<p style=\"text-align: justify;\"><span style=\"font-family: Times New Roman, Times; color: #000000; font-size: 14pt;\"><strong><a style=\"color: #000000;\" href=\"https:\/\/carnet-critique.com\/index.php\/category\/lethicia-obono-ngou-milama\/\" rel=\"category tag\">L\u00e9thicia Obono Ngou-Milama<\/a><\/strong><\/span> : <span style=\"font-family: Book Antiqua, Palatino; font-size: 12pt;\">NIAYE ET LA NOIRE DE\u2026, OU L&rsquo;<\/span><a style=\"color: #000000;\" href=\"https:\/\/carnet-critique.com\/index.php\/2023\/07\/11\/niaye-et-la-noire-de-ou-lart-de-mourir-au-feminin\/\"><span style=\"font-family: Book Antiqua, Palatino; font-size: 12pt;\">ART DE MOURIR AU F\u00c9MININ<\/span>.<\/a><\/p>\n<p style=\"text-align: justify;\"><strong><span style=\"color: #000000; font-family: Times New Roman, Times; font-size: 14pt;\"><a style=\"color: #000000;\" href=\"https:\/\/carnet-critique.com\/index.php\/category\/benjamin-lambert\/\" rel=\"category tag\">Benjamin L<\/a><a style=\"color: #000000;\" href=\"https:\/\/carnet-critique.com\/index.php\/category\/benjamin-lambert\/\" rel=\"category tag\">a<\/a><a style=\"color: #000000;\" href=\"https:\/\/carnet-critique.com\/index.php\/category\/benjamin-lambert\/\" rel=\"category tag\">mbert<\/a><\/span><\/strong>:<span style=\"font-family: Book Antiqua, Palatino; font-size: 12pt;\"> L\u2019H\u00c9RITAGE DES DANSES MACABRES DANS LES ARTS : Transmission et oubli des origines hispaniques du th\u00e8me. <br \/><\/span><\/p>\n<p>\u00a0<\/p>\n<\/div><\/div>\n\n\n\n<figure class=\"wp-block-gallery has-nested-images columns-default is-cropped wp-block-gallery-1 is-layout-flex wp-block-gallery-is-layout-flex\">\n<figure class=\"wp-block-image size-large\"><img loading=\"lazy\" decoding=\"async\" width=\"724\" height=\"1024\" data-id=\"1739\" src=\"https:\/\/carnet-critique.com\/wp-content\/uploads\/2023\/12\/Representation-de-letranger-1-pdf-724x1024-1.jpg\" alt=\"\" class=\"wp-image-1739\" srcset=\"https:\/\/carnet-critique.com\/wp-content\/uploads\/2023\/12\/Representation-de-letranger-1-pdf-724x1024-1.jpg 724w, https:\/\/carnet-critique.com\/wp-content\/uploads\/2023\/12\/Representation-de-letranger-1-pdf-724x1024-1-212x300.jpg 212w, https:\/\/carnet-critique.com\/wp-content\/uploads\/2023\/12\/Representation-de-letranger-1-pdf-724x1024-1-450x636.jpg 450w, https:\/\/carnet-critique.com\/wp-content\/uploads\/2023\/12\/Representation-de-letranger-1-pdf-724x1024-1-424x600.jpg 424w\" sizes=\"auto, (max-width: 724px) 100vw, 724px\" \/><\/figure>\n<\/figure>\n\n\n\n<p><span style=\"font-family: Times New Roman, Times;\"><span style=\"font-size: 14pt;\"><a href=\"http:\/\/carnet-critique.com\/wp-content\/uploads\/2023\/07\/LA-FIGURE-DE-LETRANGER-DANS-BEL-ABIME-DE-YAMEN-MANAI-1-2.pdf\"><span style=\"color: #000000;\"><strong>Alina Kornienko&nbsp;<\/strong><\/span><\/a><\/span><a href=\"https:\/\/carnet-critique.com\/index.php\/2022\/12\/16\/la-place-de-lautre-au-sein-du-theatre-de-jean-luc-lagarce-lautre-fantomatique-alina-kornienko\/\"><span style=\"color: #000000;\"> : <\/span><span style=\"font-size: 12pt; color: #000000; font-family: Book Antiqua, Palatino;\">LA PLACE DE L\u2019AUTRE DANS LE TH\u00c9\u00c2TRE DE JEAN-LUC LAGARCE : l\u2019Autre fantomatique.<\/span><\/a><\/span><\/p>\n\n\n\n<p><span style=\"font-size: 12pt;\"><span style=\"font-family: Book Antiqua, Palatino; color: #000000;\"><span style=\"font-family: Times New Roman, Times; font-size: 14pt;\"><strong><a style=\"color: #000000;\" href=\"https:\/\/carnet-critique.com\/index.php\/2022\/12\/16\/naitre-et-ne-pas-etre-entre-multiplicite-des-identites-et-non-appartenance-lucien-dethurens\/\"> Lucien Dethurens<\/a><\/strong><\/span><a style=\"color: #000000;\" href=\"https:\/\/carnet-critique.com\/index.php\/2022\/12\/16\/naitre-et-ne-pas-etre-entre-multiplicite-des-identites-et-non-appartenance-lucien-dethurens\/\"> : NA\u00ceTRE ET NE PAS \u00caTRE : Entre multiplicit\u00e9 des identit\u00e9s et non-appartenance.<\/a><\/span><br><\/span><\/p>\n\n\n\n<p><span style=\"color: #000000; font-family: Book Antiqua, Palatino; font-size: 12pt;\"><span style=\"font-family: Times New Roman, Times;\"><strong><span style=\"font-size: 14pt;\"><a style=\"color: #000000;\" href=\"https:\/\/carnet-critique.com\/index.php\/2022\/12\/16\/lafricaine-de-francesca-marciano-de-la-quete-de-lautre-a-la-reconstruction-de-soi-maurice-mbah\/\">Maurice Mbah<\/a><\/span><\/strong><\/span><a style=\"color: #000000;\" href=\"https:\/\/carnet-critique.com\/index.php\/2022\/12\/16\/lafricaine-de-francesca-marciano-de-la-quete-de-lautre-a-la-reconstruction-de-soi-maurice-mbah\/\"><span style=\"color: #000000;\"> :<\/span> L\u2019AFRICAINE DE FRANCESCA MARCIANO : de la qu\u00eate de l\u2019Autre \u00e0 la (re)construction de soi.<\/a><\/span><\/p>\n\n\n\n<p><span style=\"font-family: Book Antiqua, Palatino; font-size: 12pt; color: #000000;\"><span style=\"font-family: Times New Roman, Times; font-size: 14pt;\"><strong><a style=\"color: #000000;\" href=\"https:\/\/carnet-critique.com\/index.php\/2022\/12\/16\/la-silhouette-sans-nom-ni-pareille-malleabilite-et-disparition-de-letrangere-dans-en-famille-de-marie-ndiaye-amelie-ducharme\/\">Am\u00e9lie Ducharme<\/a><\/strong><\/span><a style=\"color: #000000;\" href=\"https:\/\/carnet-critique.com\/index.php\/2022\/12\/16\/la-silhouette-sans-nom-ni-pareille-malleabilite-et-disparition-de-letrangere-dans-en-famille-de-marie-ndiaye-amelie-ducharme\/\"> : \u00ab LA SILHOUETTE SANS NOM NI PAREILLE \u00bb : <\/a><a style=\"color: #000000;\" href=\"https:\/\/carnet-critique.com\/index.php\/2022\/12\/16\/la-silhouette-sans-nom-ni-pareille-malleabilite-et-disparition-de-letrangere-dans-en-famille-de-marie-ndiaye-amelie-ducharme\/\">Mall\u00e9abilit\u00e9 et disparition de l\u2019\u00e9trang\u00e8re dans En famille de Marie NDiaye.<\/a><\/span><\/p>\n\n\n\n<p><span style=\"font-family: Book Antiqua, Palatino; font-size: 12pt; color: #000000;\"><span style=\"font-family: Times New Roman, Times; font-size: 14pt;\"><strong><a style=\"color: #000000;\" href=\"https:\/\/carnet-critique.com\/index.php\/2022\/12\/16\/valerie-mangin-et-la-figure-de-letranger-dans-sa-bande-dessinee-sf-les-lotophages-dapres-homere-fatima-seddaoui\/\">Fatima Seddaoui<\/a><\/strong><\/span><a style=\"color: #000000;\" href=\"https:\/\/carnet-critique.com\/index.php\/2022\/12\/16\/valerie-mangin-et-la-figure-de-letranger-dans-sa-bande-dessinee-sf-les-lotophages-dapres-homere-fatima-seddaoui\/\"><span style=\"color: #000000; font-family: Times New Roman, Times; font-size: 14pt;\"><strong> :<\/strong> <\/span>VAL\u00c9RIE MANGIN ET LA FIGURE DE L&rsquo;\u00c9TRANGER.<\/a><\/span><\/p>\n\n\n\n<p><span style=\"font-size: 14pt; font-family: Times New Roman, Times;\"><strong><span style=\"color: #000000;\"><a style=\"color: #000000;\" href=\"https:\/\/carnet-critique.com\/index.php\/2023\/01\/11\/quand-lautre-regarde-2\/\">Emmanuelle Eymard-Traor\u00e9<\/a><\/span><\/strong><\/span><a href=\"https:\/\/carnet-critique.com\/index.php\/2023\/01\/11\/quand-lautre-regarde-2\/\"><span style=\"color: #000000; font-size: 12pt; font-family: Book Antiqua, Palatino;\"> : QUAND L&rsquo;AUTRE REGARDE.&nbsp;<\/span><\/a><\/p>\n\n\n\n<p class=\"has-text-align-left\"><span style=\"font-family: Times New Roman, Times; color: #000000;\">&nbsp;<\/span><\/p>\n","protected":false},"excerpt":{"rendered":"<p>Stacy Jarvis : THE CONCEPT OF DEATH IN TCHAIKOVSKY\u2019S OPERA MAZEPPA : A semiotic analysis. Lorele\u00ef Dup\u00e9 : [&hellip;]<\/p>\n","protected":false},"author":1,"featured_media":0,"parent":0,"menu_order":0,"comment_status":"closed","ping_status":"closed","template":"","meta":{"content-type":"","om_disable_all_campaigns":false,"footnotes":""},"class_list":["post-1051","page","type-page","status-publish","hentry"],"jetpack_sharing_enabled":true,"_links":{"self":[{"href":"https:\/\/carnet-critique.com\/index.php\/wp-json\/wp\/v2\/pages\/1051","targetHints":{"allow":["GET"]}}],"collection":[{"href":"https:\/\/carnet-critique.com\/index.php\/wp-json\/wp\/v2\/pages"}],"about":[{"href":"https:\/\/carnet-critique.com\/index.php\/wp-json\/wp\/v2\/types\/page"}],"author":[{"embeddable":true,"href":"https:\/\/carnet-critique.com\/index.php\/wp-json\/wp\/v2\/users\/1"}],"replies":[{"embeddable":true,"href":"https:\/\/carnet-critique.com\/index.php\/wp-json\/wp\/v2\/comments?post=1051"}],"version-history":[{"count":34,"href":"https:\/\/carnet-critique.com\/index.php\/wp-json\/wp\/v2\/pages\/1051\/revisions"}],"predecessor-version":[{"id":1757,"href":"https:\/\/carnet-critique.com\/index.php\/wp-json\/wp\/v2\/pages\/1051\/revisions\/1757"}],"wp:attachment":[{"href":"https:\/\/carnet-critique.com\/index.php\/wp-json\/wp\/v2\/media?parent=1051"}],"curies":[{"name":"wp","href":"https:\/\/api.w.org\/{rel}","templated":true}]}}